{"id":2809,"date":"2025-06-16T18:00:52","date_gmt":"2025-06-16T18:00:52","guid":{"rendered":"https:\/\/coachingincopenh-p8qcthzt2y.live-website.com\/?page_id=2809"},"modified":"2025-09-23T11:55:39","modified_gmt":"2025-09-23T11:55:39","slug":"kontakt","status":"publish","type":"page","link":"https:\/\/coachingtoglow.com\/en\/kontakt\/","title":{"rendered":"Contact"},"content":{"rendered":"<div class=\"wp-block-cover alignfull is-light has-custom-content-position is-position-top-center\" style=\"min-height:494px;aspect-ratio:unset;\"><span aria-hidden=\"true\" class=\"wp-block-cover__background has-background-dim-100 has-background-dim\" style=\"background-color:#ffffff\"><\/span><div class=\"wp-block-cover__inner-container is-layout-flow wp-block-cover-is-layout-flow\">\n<div class=\"wp-block-media-text alignwide is-stacked-on-mobile is-vertically-aligned-center is-image-fill-element\" style=\"grid-template-columns:56% auto\"><figure class=\"wp-block-media-text__media\"><img decoding=\"async\" src=\"https:\/\/coachingincopenh-p8qcthzt2y.live-website.com\/wp-content\/uploads\/2025\/07\/Kastellet.jpeg\" alt=\"Luftaufnahme vom Kastellpark in Kopenhagen \u2013 ruhige Nachbarschaft des Coachingraums\" class=\"wp-image-3603 size-full\" style=\"object-position:50% 50%\"\/><\/figure><div class=\"wp-block-media-text__content\">\n<h2 class=\"wp-block-heading has-text-color\" style=\"color:#000000;font-size:32px\">Contact<\/h2>\n\n\n\n<p class=\"has-text-color\" style=\"color:#000000;font-size:17px\">Du m\u00f6chtest mehr \u00fcber mein Angebot erfahren oder direkt einen Termin vereinbaren? <br>Schreib mir gern, ich melde mich so schnell wie m\u00f6glich bei dir zur\u00fcck.<\/p>\n\n\n\n<p class=\"has-text-color\" style=\"color:#000000;font-size:17px\">Carolin H\u00fcnseler <br>Esplanaden 18<br>1263 Kopenhagen<\/p>\n\n\n\n<p>Mail: <a href=\"mailto:hej@coachingtoglow.com\">hej@coachingtoglow.com<\/a><br>Instagram: <a href=\"https:\/\/www.instagram.com\/coachingtoglow\/?utm_source=ig_web_button_share_sheet\" target=\"_blank\" rel=\"noreferrer noopener nofollow\">@coachingtoglow<\/a><\/p>\n<\/div><\/div>\n<\/div><\/div>\n\n\n\n<div style=\"height:10px\" aria-hidden=\"true\" class=\"wp-block-spacer\"><\/div>\n\n\n\n<div class=\"wp-block-columns is-layout-flex wp-container-core-columns-is-layout-28f84493 wp-block-columns-is-layout-flex\">\n<div class=\"wp-block-column is-layout-flow wp-block-column-is-layout-flow\">      \n\t\t\t<div class=\"uagb-icon-wrapper uagb-block-cccd3e64\"\n\t\t\tstyle=\"\" >\n\t\t\t\t\t\t\t\t\t<span class=\"uagb-svg-wrapper\" \n\t\t\t\t\t aria-label=\"location-dot\"\t\t\t\t\ttabindex=\"0\">\t\t\n\t\t\t\t\t\t\t\t\t\t<svg xmlns=\"https:\/\/www.w3.org\/2000\/svg\" viewbox= \"0 0 384 512\" role=\"graphics-symbol\" aria-hidden=\"false\" aria-label=\"\"><path d=\"M168.3 499.2C116.1 435 0 279.4 0 192C0 85.96 85.96 0 192 0C298 0 384 85.96 384 192C384 279.4 267 435 215.7 499.2C203.4 514.5 180.6 514.5 168.3 499.2H168.3zM192 256C227.3 256 256 227.3 256 192C256 156.7 227.3 128 192 128C156.7 128 128 156.7 128 192C128 227.3 156.7 256 192 256z\"><\/path><\/svg>\n\t\t\t\t\t\t\t\t\t<\/span>\n\t\t\t\t\t\t\t<\/div>\n\t\t\t\n\n\n<h2 class=\"wp-block-heading\">Lage des Coachingraumes<\/h2>\n<\/div>\n\n\n\n<div class=\"wp-block-column is-layout-flow wp-block-column-is-layout-flow\">\n<p>Du findest meinen Coachingraum direkt am Kastellpark in Kopenhagen. Die Lage verbindet zentrale Erreichbarkeit mit einer ruhigen Nachbarschaft. Ideal, um den Kopf frei zu bekommen und dich auf dein Coaching zu konzentrieren. In unmittelbarer N\u00e4he liegen viele Restaurants und Caf\u00e9s sowie die Kleine Meerjungfrau, die Marmorkirche, Schloss Amalienborg und Nyhavn.<\/p>\n<\/div>\n<\/div>\n\n\n\n<div style=\"height:25px\" aria-hidden=\"true\" class=\"wp-block-spacer\"><\/div>\n\n\n\n<hr class=\"wp-block-separator has-alpha-channel-opacity\"\/>\n\n\n\n<div style=\"height:25px\" aria-hidden=\"true\" class=\"wp-block-spacer\"><\/div>\n\n\n\n<h2 class=\"wp-block-heading\">Impressionen: Mein Coachingraum und Umgebung<\/h2>\n\n\n\n<div style=\"height:10px\" aria-hidden=\"true\" class=\"wp-block-spacer\"><\/div>\n\n\n\n<div class=\"wp-block-group alignfull is-layout-constrained wp-container-core-group-is-layout-8eadd831 wp-block-group-is-layout-constrained\" style=\"margin-top:0;padding-right:var(--wp--preset--spacing--50);padding-bottom:170px;padding-left:var(--wp--preset--spacing--50)\">\n<div class=\"wp-block-columns is-layout-flex wp-container-core-columns-is-layout-430f08e6 wp-block-columns-is-layout-flex\">\n<div class=\"wp-block-column is-layout-flow wp-block-column-is-layout-flow\" style=\"flex-basis:66.666%\">\n<div class=\"wp-block-cover is-light is-style-ona-full-link hover-scale\" style=\"border-radius:5px\"><img decoding=\"async\" class=\"wp-block-cover__image-background wp-image-3727 size-full\" alt=\"\" src=\"https:\/\/coachingincopenh-p8qcthzt2y.live-website.com\/wp-content\/uploads\/2025\/07\/IMG_4546.jpeg\" data-object-fit=\"cover\"\/><span aria-hidden=\"true\" class=\"wp-block-cover__background has-background-dim-0 has-background-dim\"><\/span><div class=\"wp-block-cover__inner-container is-layout-constrained wp-block-cover-is-layout-constrained\">\n<p class=\"has-text-align-center\" style=\"font-size:0rem\"><a href=\"#\">#<\/a><\/p>\n<\/div><\/div>\n<\/div>\n\n\n\n<div class=\"wp-block-column is-layout-flow wp-block-column-is-layout-flow\" style=\"flex-basis:33.3%\">\n<div class=\"wp-block-cover is-light is-style-ona-full-link hover-scale\" style=\"border-radius:5px\"><img decoding=\"async\" class=\"wp-block-cover__image-background wp-image-3631 size-full\" alt=\"\" src=\"https:\/\/coachingincopenh-p8qcthzt2y.live-website.com\/wp-content\/uploads\/2025\/07\/Marmorkirken.jpeg\" data-object-fit=\"cover\"\/><span aria-hidden=\"true\" class=\"wp-block-cover__background has-background-dim-0 has-background-dim\"><\/span><div class=\"wp-block-cover__inner-container is-layout-constrained wp-block-cover-is-layout-constrained\">\n<p class=\"has-text-align-center has-light-color has-text-color has-link-color wp-elements-6a24a62e27245b7e96c9533a375e5088\" style=\"font-size:0rem\"><a href=\"#\">#<\/a><\/p>\n<\/div><\/div>\n<\/div>\n<\/div>\n\n\n\n<div class=\"wp-block-columns is-layout-flex wp-container-core-columns-is-layout-430f08e6 wp-block-columns-is-layout-flex\">\n<div class=\"wp-block-column is-layout-flow wp-block-column-is-layout-flow\" style=\"flex-basis:33.3%\">\n<div class=\"wp-block-cover is-light is-style-ona-full-link hover-scale\" style=\"border-radius:5px\"><img loading=\"lazy\" decoding=\"async\" width=\"1707\" height=\"2560\" class=\"wp-block-cover__image-background wp-image-3634 size-full\" alt=\"\" src=\"https:\/\/coachingincopenh-p8qcthzt2y.live-website.com\/wp-content\/uploads\/2025\/07\/lille-havefrue-scaled.jpeg\" data-object-fit=\"cover\" srcset=\"https:\/\/coachingtoglow.com\/wp-content\/uploads\/2025\/07\/lille-havefrue-scaled.jpeg 1707w, https:\/\/coachingtoglow.com\/wp-content\/uploads\/2025\/07\/lille-havefrue-200x300.jpeg 200w, https:\/\/coachingtoglow.com\/wp-content\/uploads\/2025\/07\/lille-havefrue-683x1024.jpeg 683w, https:\/\/coachingtoglow.com\/wp-content\/uploads\/2025\/07\/lille-havefrue-768x1152.jpeg 768w, https:\/\/coachingtoglow.com\/wp-content\/uploads\/2025\/07\/lille-havefrue-1024x1536.jpeg 1024w, https:\/\/coachingtoglow.com\/wp-content\/uploads\/2025\/07\/lille-havefrue-1365x2048.jpeg 1365w, https:\/\/coachingtoglow.com\/wp-content\/uploads\/2025\/07\/lille-havefrue-1170x1755.jpeg 1170w\" sizes=\"auto, (max-width: 1707px) 100vw, 1707px\" \/><span aria-hidden=\"true\" class=\"wp-block-cover__background has-background-dim-0 has-background-dim\" style=\"background-color:#a2a2a2\"><\/span><div class=\"wp-block-cover__inner-container is-layout-constrained wp-block-cover-is-layout-constrained\">\n<p class=\"has-text-align-center\" style=\"font-size:0rem\"><a href=\"#\">#<\/a><\/p>\n<\/div><\/div>\n<\/div>\n\n\n\n<div class=\"wp-block-column is-layout-flow wp-block-column-is-layout-flow\" style=\"flex-basis:66.666%\">\n<div class=\"wp-block-cover is-light is-style-ona-full-link hover-scale\" style=\"border-radius:5px\"><img loading=\"lazy\" decoding=\"async\" width=\"2560\" height=\"1842\" class=\"wp-block-cover__image-background wp-image-3633 size-full\" alt=\"\" src=\"https:\/\/coachingincopenh-p8qcthzt2y.live-website.com\/wp-content\/uploads\/2025\/07\/Street-scaled.jpeg\" data-object-fit=\"cover\" srcset=\"https:\/\/coachingtoglow.com\/wp-content\/uploads\/2025\/07\/Street-scaled.jpeg 2560w, https:\/\/coachingtoglow.com\/wp-content\/uploads\/2025\/07\/Street-300x216.jpeg 300w, https:\/\/coachingtoglow.com\/wp-content\/uploads\/2025\/07\/Street-1024x737.jpeg 1024w, https:\/\/coachingtoglow.com\/wp-content\/uploads\/2025\/07\/Street-768x552.jpeg 768w, https:\/\/coachingtoglow.com\/wp-content\/uploads\/2025\/07\/Street-1536x1105.jpeg 1536w, https:\/\/coachingtoglow.com\/wp-content\/uploads\/2025\/07\/Street-2048x1473.jpeg 2048w, https:\/\/coachingtoglow.com\/wp-content\/uploads\/2025\/07\/Street-1170x842.jpeg 1170w\" sizes=\"auto, (max-width: 2560px) 100vw, 2560px\" \/><span aria-hidden=\"true\" class=\"wp-block-cover__background has-background-dim-0 has-background-dim\"><\/span><div class=\"wp-block-cover__inner-container is-layout-constrained wp-block-cover-is-layout-constrained\">\n<p class=\"has-text-align-center\" style=\"font-size:0rem\"><a href=\"#\">#<\/a><\/p>\n<\/div><\/div>\n<\/div>\n<\/div>\n<\/div>","protected":false},"excerpt":{"rendered":"<p>Lage des Coachingraumes Du findest meinen Coachingraum direkt am Kastellpark in Kopenhagen. Die Lage verbindet zentrale Erreichbarkeit mit einer ruhigen Nachbarschaft. Ideal, um den Kopf frei zu bekommen und dich auf dein Coaching zu konzentrieren. In unmittelbarer N\u00e4he liegen viele Restaurants und Caf\u00e9s sowie die Kleine Meerjungfrau, die Marmorkirche, Schloss Amalienborg und Nyhavn. Impressionen: Mein [&hellip;]<\/p>\n","protected":false},"author":2,"featured_media":0,"parent":0,"menu_order":0,"comment_status":"closed","ping_status":"closed","template":"","meta":{"_uag_custom_page_level_css":"","footnotes":""},"class_list":["post-2809","page","type-page","status-publish","hentry"],"yoast_head":"<!-- This site is optimized with the Yoast SEO plugin v27.4 - https:\/\/yoast.com\/product\/yoast-seo-wordpress\/ -->\n<title>Kontakt - Glow: Coaching in Copenhagen<\/title>\n<meta name=\"robots\" content=\"index, follow, max-snippet:-1, max-image-preview:large, max-video-preview:-1\" \/>\n<link rel=\"canonical\" href=\"https:\/\/coachingtoglow.com\/en\/kontakt\/\" \/>\n<meta property=\"og:locale\" content=\"en_GB\" \/>\n<meta property=\"og:type\" content=\"article\" \/>\n<meta property=\"og:title\" content=\"Kontakt - Glow: Coaching in Copenhagen\" \/>\n<meta property=\"og:description\" content=\"Lage des Coachingraumes Du findest meinen Coachingraum direkt am Kastellpark in Kopenhagen. Die Lage verbindet zentrale Erreichbarkeit mit einer ruhigen Nachbarschaft. Ideal, um den Kopf frei zu bekommen und dich auf dein Coaching zu konzentrieren. In unmittelbarer N\u00e4he liegen viele Restaurants und Caf\u00e9s sowie die Kleine Meerjungfrau, die Marmorkirche, Schloss Amalienborg und Nyhavn. Impressionen: Mein [&hellip;]\" \/>\n<meta property=\"og:url\" content=\"https:\/\/coachingtoglow.com\/en\/kontakt\/\" \/>\n<meta property=\"og:site_name\" content=\"Glow: Coaching in Copenhagen\" \/>\n<meta property=\"article:modified_time\" content=\"2025-09-23T11:55:39+00:00\" \/>\n<meta property=\"og:image\" content=\"https:\/\/coachingtoglow.com\/wp-content\/uploads\/2025\/07\/Kastellet.jpeg\" \/>\n\t<meta property=\"og:image:width\" content=\"1\" \/>\n\t<meta property=\"og:image:height\" content=\"1\" \/>\n\t<meta property=\"og:image:type\" content=\"image\/jpeg\" \/>\n<meta name=\"twitter:card\" content=\"summary_large_image\" \/>\n<script type=\"application\/ld+json\" class=\"yoast-schema-graph\">{\"@context\":\"https:\\\/\\\/schema.org\",\"@graph\":[{\"@type\":\"WebPage\",\"@id\":\"https:\\\/\\\/coachingtoglow.com\\\/kontakt\\\/\",\"url\":\"https:\\\/\\\/coachingtoglow.com\\\/kontakt\\\/\",\"name\":\"Kontakt - Glow: Coaching in Copenhagen\",\"isPartOf\":{\"@id\":\"https:\\\/\\\/coachingtoglow.com\\\/#website\"},\"primaryImageOfPage\":{\"@id\":\"https:\\\/\\\/coachingtoglow.com\\\/kontakt\\\/#primaryimage\"},\"image\":{\"@id\":\"https:\\\/\\\/coachingtoglow.com\\\/kontakt\\\/#primaryimage\"},\"thumbnailUrl\":\"https:\\\/\\\/coachingincopenh-p8qcthzt2y.live-website.com\\\/wp-content\\\/uploads\\\/2025\\\/07\\\/Kastellet.jpeg\",\"datePublished\":\"2025-06-16T18:00:52+00:00\",\"dateModified\":\"2025-09-23T11:55:39+00:00\",\"breadcrumb\":{\"@id\":\"https:\\\/\\\/coachingtoglow.com\\\/kontakt\\\/#breadcrumb\"},\"inLanguage\":\"en-GB\",\"potentialAction\":[{\"@type\":\"ReadAction\",\"target\":[\"https:\\\/\\\/coachingtoglow.com\\\/kontakt\\\/\"]}]},{\"@type\":\"ImageObject\",\"inLanguage\":\"en-GB\",\"@id\":\"https:\\\/\\\/coachingtoglow.com\\\/kontakt\\\/#primaryimage\",\"url\":\"https:\\\/\\\/coachingincopenh-p8qcthzt2y.live-website.com\\\/wp-content\\\/uploads\\\/2025\\\/07\\\/Kastellet.jpeg\",\"contentUrl\":\"https:\\\/\\\/coachingincopenh-p8qcthzt2y.live-website.com\\\/wp-content\\\/uploads\\\/2025\\\/07\\\/Kastellet.jpeg\"},{\"@type\":\"BreadcrumbList\",\"@id\":\"https:\\\/\\\/coachingtoglow.com\\\/kontakt\\\/#breadcrumb\",\"itemListElement\":[{\"@type\":\"ListItem\",\"position\":1,\"name\":\"Startseite\",\"item\":\"https:\\\/\\\/coachingtoglow.com\\\/\"},{\"@type\":\"ListItem\",\"position\":2,\"name\":\"Kontakt\"}]},{\"@type\":\"WebSite\",\"@id\":\"https:\\\/\\\/coachingtoglow.com\\\/#website\",\"url\":\"https:\\\/\\\/coachingtoglow.com\\\/\",\"name\":\"Glow: Coaching in Copenhagen\",\"description\":\"Systemisches Coaching &amp; Beratung auf Deutsch in Kopenhagen: Einzel- &amp; Paarcoaching, Retreats und Expat-Begleitung. Pers&ouml;nlich, diskret und wertorientiert.\",\"publisher\":{\"@id\":\"https:\\\/\\\/coachingtoglow.com\\\/#organization\"},\"potentialAction\":[{\"@type\":\"SearchAction\",\"target\":{\"@type\":\"EntryPoint\",\"urlTemplate\":\"https:\\\/\\\/coachingtoglow.com\\\/?s={search_term_string}\"},\"query-input\":{\"@type\":\"PropertyValueSpecification\",\"valueRequired\":true,\"valueName\":\"search_term_string\"}}],\"inLanguage\":\"en-GB\"},{\"@type\":\"Organization\",\"@id\":\"https:\\\/\\\/coachingtoglow.com\\\/#organization\",\"name\":\"Coaching to Glow\",\"alternateName\":\"Coaching in Kopenhagen\",\"url\":\"https:\\\/\\\/coachingtoglow.com\\\/\",\"logo\":{\"@type\":\"ImageObject\",\"inLanguage\":\"en-GB\",\"@id\":\"https:\\\/\\\/coachingtoglow.com\\\/#\\\/schema\\\/logo\\\/image\\\/\",\"url\":\"https:\\\/\\\/coachingtoglow.com\\\/wp-content\\\/uploads\\\/2025\\\/06\\\/20250614_Logo_02.png\",\"contentUrl\":\"https:\\\/\\\/coachingtoglow.com\\\/wp-content\\\/uploads\\\/2025\\\/06\\\/20250614_Logo_02.png\",\"width\":800,\"height\":514,\"caption\":\"Coaching to Glow\"},\"image\":{\"@id\":\"https:\\\/\\\/coachingtoglow.com\\\/#\\\/schema\\\/logo\\\/image\\\/\"}}]}<\/script>\n<!-- \/ Yoast SEO plugin. -->","yoast_head_json":{"title":"Kontakt - Glow: Coaching in Copenhagen","robots":{"index":"index","follow":"follow","max-snippet":"max-snippet:-1","max-image-preview":"max-image-preview:large","max-video-preview":"max-video-preview:-1"},"canonical":"https:\/\/coachingtoglow.com\/en\/kontakt\/","og_locale":"en_GB","og_type":"article","og_title":"Kontakt - Glow: Coaching in Copenhagen","og_description":"Lage des Coachingraumes Du findest meinen Coachingraum direkt am Kastellpark in Kopenhagen. Die Lage verbindet zentrale Erreichbarkeit mit einer ruhigen Nachbarschaft. Ideal, um den Kopf frei zu bekommen und dich auf dein Coaching zu konzentrieren. In unmittelbarer N\u00e4he liegen viele Restaurants und Caf\u00e9s sowie die Kleine Meerjungfrau, die Marmorkirche, Schloss Amalienborg und Nyhavn. Impressionen: Mein [&hellip;]","og_url":"https:\/\/coachingtoglow.com\/en\/kontakt\/","og_site_name":"Glow: Coaching in Copenhagen","article_modified_time":"2025-09-23T11:55:39+00:00","og_image":[{"url":"https:\/\/coachingtoglow.com\/wp-content\/uploads\/2025\/07\/Kastellet.jpeg","width":1,"height":1,"type":"image\/jpeg"}],"twitter_card":"summary_large_image","schema":{"@context":"https:\/\/schema.org","@graph":[{"@type":"WebPage","@id":"https:\/\/coachingtoglow.com\/kontakt\/","url":"https:\/\/coachingtoglow.com\/kontakt\/","name":"Kontakt - Glow: Coaching in Copenhagen","isPartOf":{"@id":"https:\/\/coachingtoglow.com\/#website"},"primaryImageOfPage":{"@id":"https:\/\/coachingtoglow.com\/kontakt\/#primaryimage"},"image":{"@id":"https:\/\/coachingtoglow.com\/kontakt\/#primaryimage"},"thumbnailUrl":"https:\/\/coachingincopenh-p8qcthzt2y.live-website.com\/wp-content\/uploads\/2025\/07\/Kastellet.jpeg","datePublished":"2025-06-16T18:00:52+00:00","dateModified":"2025-09-23T11:55:39+00:00","breadcrumb":{"@id":"https:\/\/coachingtoglow.com\/kontakt\/#breadcrumb"},"inLanguage":"en-GB","potentialAction":[{"@type":"ReadAction","target":["https:\/\/coachingtoglow.com\/kontakt\/"]}]},{"@type":"ImageObject","inLanguage":"en-GB","@id":"https:\/\/coachingtoglow.com\/kontakt\/#primaryimage","url":"https:\/\/coachingincopenh-p8qcthzt2y.live-website.com\/wp-content\/uploads\/2025\/07\/Kastellet.jpeg","contentUrl":"https:\/\/coachingincopenh-p8qcthzt2y.live-website.com\/wp-content\/uploads\/2025\/07\/Kastellet.jpeg"},{"@type":"BreadcrumbList","@id":"https:\/\/coachingtoglow.com\/kontakt\/#breadcrumb","itemListElement":[{"@type":"ListItem","position":1,"name":"Startseite","item":"https:\/\/coachingtoglow.com\/"},{"@type":"ListItem","position":2,"name":"Kontakt"}]},{"@type":"WebSite","@id":"https:\/\/coachingtoglow.com\/#website","url":"https:\/\/coachingtoglow.com\/","name":"Glow: Coaching in Copenhagen","description":"Systemisches Coaching &amp; Beratung auf Deutsch in Kopenhagen: Einzel- &amp; Paarcoaching, Retreats und Expat-Begleitung. Pers&ouml;nlich, diskret und wertorientiert.","publisher":{"@id":"https:\/\/coachingtoglow.com\/#organization"},"potentialAction":[{"@type":"SearchAction","target":{"@type":"EntryPoint","urlTemplate":"https:\/\/coachingtoglow.com\/?s={search_term_string}"},"query-input":{"@type":"PropertyValueSpecification","valueRequired":true,"valueName":"search_term_string"}}],"inLanguage":"en-GB"},{"@type":"Organization","@id":"https:\/\/coachingtoglow.com\/#organization","name":"Coaching to Glow","alternateName":"Coaching in Kopenhagen","url":"https:\/\/coachingtoglow.com\/","logo":{"@type":"ImageObject","inLanguage":"en-GB","@id":"https:\/\/coachingtoglow.com\/#\/schema\/logo\/image\/","url":"https:\/\/coachingtoglow.com\/wp-content\/uploads\/2025\/06\/20250614_Logo_02.png","contentUrl":"https:\/\/coachingtoglow.com\/wp-content\/uploads\/2025\/06\/20250614_Logo_02.png","width":800,"height":514,"caption":"Coaching to Glow"},"image":{"@id":"https:\/\/coachingtoglow.com\/#\/schema\/logo\/image\/"}}]}},"uagb_featured_image_src":{"full":false,"thumbnail":false,"medium":false,"medium_large":false,"large":false,"1536x1536":false,"2048x2048":false,"trp-custom-language-flag":false,"post-thumbnail":false},"uagb_author_info":{"display_name":"Carolin H\u00fcnseler","author_link":"https:\/\/coachingtoglow.com\/en\/author\/caro-admin\/"},"uagb_comment_info":0,"uagb_excerpt":"Lage des Coachingraumes Du findest meinen Coachingraum direkt am Kastellpark in Kopenhagen. Die Lage verbindet zentrale Erreichbarkeit mit einer ruhigen Nachbarschaft. Ideal, um den Kopf frei zu bekommen und dich auf dein Coaching zu konzentrieren. In unmittelbarer N\u00e4he liegen viele Restaurants und Caf\u00e9s sowie die Kleine Meerjungfrau, die Marmorkirche, Schloss Amalienborg und Nyhavn. Impressionen: Mein&hellip;","_links":{"self":[{"href":"https:\/\/coachingtoglow.com\/en\/wp-json\/wp\/v2\/pages\/2809","targetHints":{"allow":["GET"]}}],"collection":[{"href":"https:\/\/coachingtoglow.com\/en\/wp-json\/wp\/v2\/pages"}],"about":[{"href":"https:\/\/coachingtoglow.com\/en\/wp-json\/wp\/v2\/types\/page"}],"author":[{"embeddable":true,"href":"https:\/\/coachingtoglow.com\/en\/wp-json\/wp\/v2\/users\/2"}],"replies":[{"embeddable":true,"href":"https:\/\/coachingtoglow.com\/en\/wp-json\/wp\/v2\/comments?post=2809"}],"version-history":[{"count":38,"href":"https:\/\/coachingtoglow.com\/en\/wp-json\/wp\/v2\/pages\/2809\/revisions"}],"predecessor-version":[{"id":4343,"href":"https:\/\/coachingtoglow.com\/en\/wp-json\/wp\/v2\/pages\/2809\/revisions\/4343"}],"wp:attachment":[{"href":"https:\/\/coachingtoglow.com\/en\/wp-json\/wp\/v2\/media?parent=2809"}],"curies":[{"name":"wp","href":"https:\/\/api.w.org\/{rel}","templated":true}]}}