{"id":2812,"date":"2025-06-16T18:00:52","date_gmt":"2025-06-16T18:00:52","guid":{"rendered":"https:\/\/coachingincopenh-p8qcthzt2y.live-website.com\/?page_id=2812"},"modified":"2025-09-19T11:15:16","modified_gmt":"2025-09-19T11:15:16","slug":"impressum","status":"publish","type":"page","link":"https:\/\/coachingtoglow.com\/en\/impressum\/","title":{"rendered":"Impressum"},"content":{"rendered":"<div style=\"height:20px\" aria-hidden=\"true\" class=\"wp-block-spacer uag-hide-desktop uag-hide-tab\"><\/div>\n\n\n\n<h2 class=\"wp-block-heading\">Impressum<\/h2>\n\n\n\n<p><strong>Firmenname \/ Virksomhedsnavn<\/strong><br>Carolin H\u00fcnseler Coaching<\/p>\n\n\n\n<p><strong>CVR-Nr.<\/strong><br>45 64 78 97<\/p>\n\n\n\n<p><strong>Unternehmensform \/ Virksomhedsform<\/strong><br>Personligt ejet mindre virksomhed<\/p>\n\n\n\n<p><strong>Adresse<\/strong><br>Esplanaden 18<br>1263 K\u00f8benhavn<br>Danmark<\/p>\n\n\n\n<p><strong>E-Mail<\/strong><br><a href=\"mailto:hej@coachingtoglow.com\" target=\"_blank\" rel=\"noreferrer noopener\">hej@coachingtoglow.com<\/a><\/p>\n\n\n\n<p><strong>Website<\/strong><br><a href=\"https:\/\/coachingtoglow.com\/en\/\">www.coachingtoglow.com<\/a><\/p>\n\n\n\n<p><strong>Verantwortlich f\u00fcr den Inhalt \/ Ansvarlig for indholdet<\/strong><br>Carolin H\u00fcnseler<br>Esplanaden 18<br>1263 K\u00f8benhavn<br>Danmark<\/p>\n\n\n\n<p><strong>Aufsichtsbeh\u00f6rde \/ Tilsynsmyndighed<\/strong><br>Erhvervsstyrelsen \/ D\u00e4nisches Gewerbeamt<br><a href=\"http:\/\/www.virk.dk\/\">www.virk.dk<\/a><\/p>\n\n\n\n<p><strong>Hinweis zur Berufsaus\u00fcbung \/ Haftungsausschluss<\/strong><br>Mein Angebot richtet sich an vollj\u00e4hrige Personen in eigener Verantwortung. Ich bin als systemischer Coach in D\u00e4nemark t\u00e4tig und stelle keine Diagnosen. Coaching ersetzt keine Psychotherapie oder medizinische Behandlung.<\/p>\n\n\n\n<hr class=\"wp-block-separator has-alpha-channel-opacity\"\/>","protected":false},"excerpt":{"rendered":"<p>Impressum Firmenname \/ VirksomhedsnavnCarolin H\u00fcnseler Coaching CVR-Nr.45 64 78 97 Unternehmensform \/ VirksomhedsformPersonligt ejet mindre virksomhed AdresseEsplanaden 181263 K\u00f8benhavnDanmark E-Mailhej@coachingtoglow.com Websitewww.coachingtoglow.com Verantwortlich f\u00fcr den Inhalt \/ Ansvarlig for indholdetCarolin H\u00fcnselerEsplanaden 181263 K\u00f8benhavnDanmark Aufsichtsbeh\u00f6rde \/ TilsynsmyndighedErhvervsstyrelsen \/ D\u00e4nisches Gewerbeamtwww.virk.dk Hinweis zur Berufsaus\u00fcbung \/ HaftungsausschlussMein Angebot richtet sich an vollj\u00e4hrige Personen in eigener Verantwortung. Ich bin als [&hellip;]<\/p>\n","protected":false},"author":2,"featured_media":0,"parent":0,"menu_order":0,"comment_status":"closed","ping_status":"closed","template":"","meta":{"_uag_custom_page_level_css":"","footnotes":""},"class_list":["post-2812","page","type-page","status-publish","hentry"],"yoast_head":"<!-- This site is optimized with the Yoast SEO plugin v27.4 - https:\/\/yoast.com\/product\/yoast-seo-wordpress\/ -->\n<title>Impressum - Glow: Coaching in Copenhagen<\/title>\n<meta name=\"robots\" content=\"index, follow, max-snippet:-1, max-image-preview:large, max-video-preview:-1\" \/>\n<link rel=\"canonical\" href=\"https:\/\/coachingtoglow.com\/en\/impressum\/\" \/>\n<meta property=\"og:locale\" content=\"en_GB\" \/>\n<meta property=\"og:type\" content=\"article\" \/>\n<meta property=\"og:title\" content=\"Impressum - Glow: Coaching in Copenhagen\" \/>\n<meta property=\"og:description\" content=\"Impressum Firmenname \/ VirksomhedsnavnCarolin H\u00fcnseler Coaching CVR-Nr.45 64 78 97 Unternehmensform \/ VirksomhedsformPersonligt ejet mindre virksomhed AdresseEsplanaden 181263 K\u00f8benhavnDanmark E-Mailhej@coachingtoglow.com Websitewww.coachingtoglow.com Verantwortlich f\u00fcr den Inhalt \/ Ansvarlig for indholdetCarolin H\u00fcnselerEsplanaden 181263 K\u00f8benhavnDanmark Aufsichtsbeh\u00f6rde \/ TilsynsmyndighedErhvervsstyrelsen \/ D\u00e4nisches Gewerbeamtwww.virk.dk Hinweis zur Berufsaus\u00fcbung \/ HaftungsausschlussMein Angebot richtet sich an vollj\u00e4hrige Personen in eigener Verantwortung. Ich bin als [&hellip;]\" \/>\n<meta property=\"og:url\" content=\"https:\/\/coachingtoglow.com\/en\/impressum\/\" \/>\n<meta property=\"og:site_name\" content=\"Glow: Coaching in Copenhagen\" \/>\n<meta property=\"article:modified_time\" content=\"2025-09-19T11:15:16+00:00\" \/>\n<meta name=\"twitter:card\" content=\"summary_large_image\" \/>\n<script type=\"application\/ld+json\" class=\"yoast-schema-graph\">{\"@context\":\"https:\\\/\\\/schema.org\",\"@graph\":[{\"@type\":\"WebPage\",\"@id\":\"https:\\\/\\\/coachingtoglow.com\\\/impressum\\\/\",\"url\":\"https:\\\/\\\/coachingtoglow.com\\\/impressum\\\/\",\"name\":\"Impressum - Glow: Coaching in Copenhagen\",\"isPartOf\":{\"@id\":\"https:\\\/\\\/coachingtoglow.com\\\/#website\"},\"datePublished\":\"2025-06-16T18:00:52+00:00\",\"dateModified\":\"2025-09-19T11:15:16+00:00\",\"breadcrumb\":{\"@id\":\"https:\\\/\\\/coachingtoglow.com\\\/impressum\\\/#breadcrumb\"},\"inLanguage\":\"en-GB\",\"potentialAction\":[{\"@type\":\"ReadAction\",\"target\":[\"https:\\\/\\\/coachingtoglow.com\\\/impressum\\\/\"]}]},{\"@type\":\"BreadcrumbList\",\"@id\":\"https:\\\/\\\/coachingtoglow.com\\\/impressum\\\/#breadcrumb\",\"itemListElement\":[{\"@type\":\"ListItem\",\"position\":1,\"name\":\"Startseite\",\"item\":\"https:\\\/\\\/coachingtoglow.com\\\/\"},{\"@type\":\"ListItem\",\"position\":2,\"name\":\"Impressum\"}]},{\"@type\":\"WebSite\",\"@id\":\"https:\\\/\\\/coachingtoglow.com\\\/#website\",\"url\":\"https:\\\/\\\/coachingtoglow.com\\\/\",\"name\":\"Glow: Coaching in Copenhagen\",\"description\":\"Systemisches Coaching &amp; Beratung auf Deutsch in Kopenhagen: Einzel- &amp; Paarcoaching, Retreats und Expat-Begleitung. Pers&ouml;nlich, diskret und wertorientiert.\",\"publisher\":{\"@id\":\"https:\\\/\\\/coachingtoglow.com\\\/#organization\"},\"potentialAction\":[{\"@type\":\"SearchAction\",\"target\":{\"@type\":\"EntryPoint\",\"urlTemplate\":\"https:\\\/\\\/coachingtoglow.com\\\/?s={search_term_string}\"},\"query-input\":{\"@type\":\"PropertyValueSpecification\",\"valueRequired\":true,\"valueName\":\"search_term_string\"}}],\"inLanguage\":\"en-GB\"},{\"@type\":\"Organization\",\"@id\":\"https:\\\/\\\/coachingtoglow.com\\\/#organization\",\"name\":\"Coaching to Glow\",\"alternateName\":\"Coaching in Kopenhagen\",\"url\":\"https:\\\/\\\/coachingtoglow.com\\\/\",\"logo\":{\"@type\":\"ImageObject\",\"inLanguage\":\"en-GB\",\"@id\":\"https:\\\/\\\/coachingtoglow.com\\\/#\\\/schema\\\/logo\\\/image\\\/\",\"url\":\"https:\\\/\\\/coachingtoglow.com\\\/wp-content\\\/uploads\\\/2025\\\/06\\\/20250614_Logo_02.png\",\"contentUrl\":\"https:\\\/\\\/coachingtoglow.com\\\/wp-content\\\/uploads\\\/2025\\\/06\\\/20250614_Logo_02.png\",\"width\":800,\"height\":514,\"caption\":\"Coaching to Glow\"},\"image\":{\"@id\":\"https:\\\/\\\/coachingtoglow.com\\\/#\\\/schema\\\/logo\\\/image\\\/\"}}]}<\/script>\n<!-- \/ Yoast SEO plugin. -->","yoast_head_json":{"title":"Impressum - Glow: Coaching in Copenhagen","robots":{"index":"index","follow":"follow","max-snippet":"max-snippet:-1","max-image-preview":"max-image-preview:large","max-video-preview":"max-video-preview:-1"},"canonical":"https:\/\/coachingtoglow.com\/en\/impressum\/","og_locale":"en_GB","og_type":"article","og_title":"Impressum - Glow: Coaching in Copenhagen","og_description":"Impressum Firmenname \/ VirksomhedsnavnCarolin H\u00fcnseler Coaching CVR-Nr.45 64 78 97 Unternehmensform \/ VirksomhedsformPersonligt ejet mindre virksomhed AdresseEsplanaden 181263 K\u00f8benhavnDanmark E-Mailhej@coachingtoglow.com Websitewww.coachingtoglow.com Verantwortlich f\u00fcr den Inhalt \/ Ansvarlig for indholdetCarolin H\u00fcnselerEsplanaden 181263 K\u00f8benhavnDanmark Aufsichtsbeh\u00f6rde \/ TilsynsmyndighedErhvervsstyrelsen \/ D\u00e4nisches Gewerbeamtwww.virk.dk Hinweis zur Berufsaus\u00fcbung \/ HaftungsausschlussMein Angebot richtet sich an vollj\u00e4hrige Personen in eigener Verantwortung. Ich bin als [&hellip;]","og_url":"https:\/\/coachingtoglow.com\/en\/impressum\/","og_site_name":"Glow: Coaching in Copenhagen","article_modified_time":"2025-09-19T11:15:16+00:00","twitter_card":"summary_large_image","schema":{"@context":"https:\/\/schema.org","@graph":[{"@type":"WebPage","@id":"https:\/\/coachingtoglow.com\/impressum\/","url":"https:\/\/coachingtoglow.com\/impressum\/","name":"Impressum - Glow: Coaching in Copenhagen","isPartOf":{"@id":"https:\/\/coachingtoglow.com\/#website"},"datePublished":"2025-06-16T18:00:52+00:00","dateModified":"2025-09-19T11:15:16+00:00","breadcrumb":{"@id":"https:\/\/coachingtoglow.com\/impressum\/#breadcrumb"},"inLanguage":"en-GB","potentialAction":[{"@type":"ReadAction","target":["https:\/\/coachingtoglow.com\/impressum\/"]}]},{"@type":"BreadcrumbList","@id":"https:\/\/coachingtoglow.com\/impressum\/#breadcrumb","itemListElement":[{"@type":"ListItem","position":1,"name":"Startseite","item":"https:\/\/coachingtoglow.com\/"},{"@type":"ListItem","position":2,"name":"Impressum"}]},{"@type":"WebSite","@id":"https:\/\/coachingtoglow.com\/#website","url":"https:\/\/coachingtoglow.com\/","name":"Glow: Coaching in Copenhagen","description":"Systemisches Coaching &amp; Beratung auf Deutsch in Kopenhagen: Einzel- &amp; Paarcoaching, Retreats und Expat-Begleitung. Pers&ouml;nlich, diskret und wertorientiert.","publisher":{"@id":"https:\/\/coachingtoglow.com\/#organization"},"potentialAction":[{"@type":"SearchAction","target":{"@type":"EntryPoint","urlTemplate":"https:\/\/coachingtoglow.com\/?s={search_term_string}"},"query-input":{"@type":"PropertyValueSpecification","valueRequired":true,"valueName":"search_term_string"}}],"inLanguage":"en-GB"},{"@type":"Organization","@id":"https:\/\/coachingtoglow.com\/#organization","name":"Coaching to Glow","alternateName":"Coaching in Kopenhagen","url":"https:\/\/coachingtoglow.com\/","logo":{"@type":"ImageObject","inLanguage":"en-GB","@id":"https:\/\/coachingtoglow.com\/#\/schema\/logo\/image\/","url":"https:\/\/coachingtoglow.com\/wp-content\/uploads\/2025\/06\/20250614_Logo_02.png","contentUrl":"https:\/\/coachingtoglow.com\/wp-content\/uploads\/2025\/06\/20250614_Logo_02.png","width":800,"height":514,"caption":"Coaching to Glow"},"image":{"@id":"https:\/\/coachingtoglow.com\/#\/schema\/logo\/image\/"}}]}},"uagb_featured_image_src":{"full":false,"thumbnail":false,"medium":false,"medium_large":false,"large":false,"1536x1536":false,"2048x2048":false,"trp-custom-language-flag":false,"post-thumbnail":false},"uagb_author_info":{"display_name":"Carolin H\u00fcnseler","author_link":"https:\/\/coachingtoglow.com\/en\/author\/caro-admin\/"},"uagb_comment_info":0,"uagb_excerpt":"Impressum Firmenname \/ VirksomhedsnavnCarolin H\u00fcnseler Coaching CVR-Nr.45 64 78 97 Unternehmensform \/ VirksomhedsformPersonligt ejet mindre virksomhed AdresseEsplanaden 181263 K\u00f8benhavnDanmark E-Mailhej@coachingtoglow.com Websitewww.coachingtoglow.com Verantwortlich f\u00fcr den Inhalt \/ Ansvarlig for indholdetCarolin H\u00fcnselerEsplanaden 181263 K\u00f8benhavnDanmark Aufsichtsbeh\u00f6rde \/ TilsynsmyndighedErhvervsstyrelsen \/ D\u00e4nisches Gewerbeamtwww.virk.dk Hinweis zur Berufsaus\u00fcbung \/ HaftungsausschlussMein Angebot richtet sich an vollj\u00e4hrige Personen in eigener Verantwortung. Ich bin als&hellip;","_links":{"self":[{"href":"https:\/\/coachingtoglow.com\/en\/wp-json\/wp\/v2\/pages\/2812","targetHints":{"allow":["GET"]}}],"collection":[{"href":"https:\/\/coachingtoglow.com\/en\/wp-json\/wp\/v2\/pages"}],"about":[{"href":"https:\/\/coachingtoglow.com\/en\/wp-json\/wp\/v2\/types\/page"}],"author":[{"embeddable":true,"href":"https:\/\/coachingtoglow.com\/en\/wp-json\/wp\/v2\/users\/2"}],"replies":[{"embeddable":true,"href":"https:\/\/coachingtoglow.com\/en\/wp-json\/wp\/v2\/comments?post=2812"}],"version-history":[{"count":6,"href":"https:\/\/coachingtoglow.com\/en\/wp-json\/wp\/v2\/pages\/2812\/revisions"}],"predecessor-version":[{"id":4302,"href":"https:\/\/coachingtoglow.com\/en\/wp-json\/wp\/v2\/pages\/2812\/revisions\/4302"}],"wp:attachment":[{"href":"https:\/\/coachingtoglow.com\/en\/wp-json\/wp\/v2\/media?parent=2812"}],"curies":[{"name":"wp","href":"https:\/\/api.w.org\/{rel}","templated":true}]}}