{"id":3414,"date":"2025-07-08T13:13:58","date_gmt":"2025-07-08T13:13:58","guid":{"rendered":"https:\/\/coachingincopenh-p8qcthzt2y.live-website.com\/home\/?page_id=3414"},"modified":"2025-09-18T09:48:52","modified_gmt":"2025-09-18T09:48:52","slug":"blog-kopenhagen-und-psychologie","status":"publish","type":"page","link":"https:\/\/coachingtoglow.com\/en\/blog-kopenhagen-und-psychologie\/","title":{"rendered":"Blog"},"content":{"rendered":"<div class=\"wp-block-group alignfull has-background-background-color has-background is-layout-constrained wp-container-core-group-is-layout-28549256 wp-block-group-is-layout-constrained\" style=\"margin-top:0;margin-bottom:0;padding-top:var(--wp--preset--spacing--60);padding-right:var(--wp--preset--spacing--30);padding-bottom:var(--wp--preset--spacing--60);padding-left:var(--wp--preset--spacing--30)\">\n<h2 class=\"wp-block-heading\">Blog<\/h2>\n\n\n\n<p>Hier findest du Einblicke und  Ressourcen rund um Coaching, Pers\u00f6nlichkeitsentwicklung und das Leben in Kopenhagen.&nbsp;<\/p>\n\n\n\n<hr class=\"wp-block-separator has-alpha-channel-opacity is-style-wide\"\/>\n\n\n\n<div class=\"wp-block-query is-layout-flow wp-block-query-is-layout-flow\"><ul class=\"wp-block-post-template is-layout-flow wp-block-post-template-is-layout-flow\"><li class=\"wp-block-post post-4359 post type-post status-publish format-standard hentry category-psychologie-und-coaching\">\n<div class=\"taxonomy-category wp-block-post-terms\"><a href=\"https:\/\/coachingtoglow.com\/en\/category\/psychologie-und-coaching\/\" rel=\"tag\">Psychologie und Coaching<\/a><\/div>\n\n<h2 class=\"wp-block-post-title\">Neues Jahr, neues Gl\u00fcck?<\/h2>\n\n<div class=\"wp-block-post-date\"><time datetime=\"2026-01-01T15:29:00+00:00\">01.01.2026<\/time><\/div>\n\n<div class=\"wp-block-post-excerpt\"><p class=\"wp-block-post-excerpt__excerpt\">Der Jahresanfang tr\u00e4gt oft ein leises Versprechen in sich: Dieses Jahr wird es leichter. Vielleicht auch in der Liebe. F\u00fcr viele unfreiwillige Singles ist diese Zeit ambivalent. Hoffnung mischt sich mit Druck. Der Wunsch nach N\u00e4he ist da. Und gleichzeitig die Frage, warum es bisher nicht geklappt hat. Was bedeutet es, unfreiwillig Single zu sein?<\/p><p class=\"wp-block-post-excerpt__more-text\"><a class=\"wp-block-post-excerpt__more-link\" href=\"https:\/\/coachingtoglow.com\/en\/neues-jahr-neues-glueck\/\">weiterlesen<\/a><\/p><\/div>\n<\/li><li class=\"wp-block-post post-3721 post type-post status-publish format-standard hentry category-psychologie-und-coaching\">\n<div class=\"taxonomy-category wp-block-post-terms\"><a href=\"https:\/\/coachingtoglow.com\/en\/category\/psychologie-und-coaching\/\" rel=\"tag\">Psychologie und Coaching<\/a><\/div>\n\n<h2 class=\"wp-block-post-title\">Retreats f\u00fcr die Seele: Warum eine intensive Auszeit nachhaltiger wirkt als \u201emal eben Urlaub\u201c<\/h2>\n\n<div class=\"wp-block-post-date\"><time datetime=\"2025-08-23T13:13:06+00:00\">23.08.2025<\/time><\/div>\n\n<div class=\"wp-block-post-excerpt\"><p class=\"wp-block-post-excerpt__excerpt\">&#8222;Ich muss einfach mal raus.&#8220; Das Gef\u00fchl, dem Alltag zu entfliehen, kennen wir alle. Doch w\u00e4hrend ein Urlaub oft Ablenkung und Erholung bietet, geht ein Retreat tiefer und wirkt oft nachhaltiger. Was unterscheidet ein Retreat vom Urlaub? Warum wirkt ein Retreat nachhaltiger? Wenn du das Gef\u00fchl hast, dass es Zeit f\u00fcr eine intensive Auszeit ist,<\/p><p class=\"wp-block-post-excerpt__more-text\"><a class=\"wp-block-post-excerpt__more-link\" href=\"https:\/\/coachingtoglow.com\/en\/retreats-fuer-die-seele-warum-eine-intensive-auszeit-nachhaltiger-wirkt-als-mal-eben-urlaub\/\">weiterlesen<\/a><\/p><\/div>\n<\/li><li class=\"wp-block-post post-3715 post type-post status-publish format-standard hentry category-psychologie-und-coaching tag-coaching tag-gehirn tag-veraenderung tag-wachstum\">\n<div class=\"taxonomy-category wp-block-post-terms\"><a href=\"https:\/\/coachingtoglow.com\/en\/category\/psychologie-und-coaching\/\" rel=\"tag\">Psychologie und Coaching<\/a><\/div>\n\n<h2 class=\"wp-block-post-title\">Warum Ver\u00e4nderungen so schwerfallen<\/h2>\n\n<div class=\"wp-block-post-date\"><time datetime=\"2025-07-27T13:00:48+00:00\">27.07.2025<\/time><\/div>\n\n<div class=\"wp-block-post-excerpt\"><p class=\"wp-block-post-excerpt__excerpt\">&#8222;Ich wei\u00df eigentlich, was ich \u00e4ndern m\u00f6chte, aber ich schaffe es einfach nicht, anzufangen.&#8220; Diesen Satz h\u00f6re ich in Coachings h\u00e4ufig. Und es gibt wirklich gute Gr\u00fcnde, warum uns Ver\u00e4nderungen schwerfallen. Warum ist Ver\u00e4nderung so herausfordernd? Wie kannst du trotzdem in Bewegung kommen? Coaching kann dir dabei helfen, innere Widerst\u00e4nde zu verstehen, deine Ziele greifbarer<\/p><p class=\"wp-block-post-excerpt__more-text\"><a class=\"wp-block-post-excerpt__more-link\" href=\"https:\/\/coachingtoglow.com\/en\/warum-veraenderungen-so-schwerfallen\/\">weiterlesen<\/a><\/p><\/div>\n<\/li><li class=\"wp-block-post post-1 post type-post status-publish format-standard hentry category-leben-in-kopenhagen tag-beziehung tag-coaching tag-hygge tag-kopenhagen tag-liebe tag-paar tag-psyche tag-pyt tag-sicherheit tag-single tag-wachstum\">\n<div class=\"taxonomy-category wp-block-post-terms\"><a href=\"https:\/\/coachingtoglow.com\/en\/category\/leben-in-kopenhagen\/\" rel=\"tag\">Leben in Kopenhagen<\/a><\/div>\n\n<h2 class=\"wp-block-post-title\">Warum Kopenhagen gut f\u00fcr die Psyche ist<\/h2>\n\n<div class=\"wp-block-post-date\"><time datetime=\"2025-06-16T17:43:47+00:00\">16.06.2025<\/time><\/div>\n\n<div class=\"wp-block-post-excerpt\"><p class=\"wp-block-post-excerpt__excerpt\">Im Global Liveability Index 2025 der Economist Intelligence Unit hat Kopenhagen Wien abgel\u00f6st und wurde erneut zur lebenswertesten Stadt der Welt gek\u00fcrt. Die d\u00e4nische Hauptstadt \u00fcberzeugt mit h\u00f6chster Stabilit\u00e4t, exzellenter Bildung, moderner Infrastruktur und einer Lebensqualit\u00e4t, die man nicht nur messen, sondern auch sp\u00fcren kann. \u00dcber 60 Prozent der Stadtfl\u00e4che bestehen aus Wasser- und Gr\u00fcnfl\u00e4chen,<\/p><p class=\"wp-block-post-excerpt__more-text\"><a class=\"wp-block-post-excerpt__more-link\" href=\"https:\/\/coachingtoglow.com\/en\/hello-world\/\">weiterlesen<\/a><\/p><\/div>\n<\/li><\/ul><\/div>\n<\/div>\n\n\n\n<div class=\"wp-block-query alignfull is-layout-flow wp-block-query-is-layout-flow\">\n<div class=\"wp-block-group is-content-justification-left is-layout-constrained wp-container-core-group-is-layout-9821ac42 wp-block-group-is-layout-constrained\" style=\"margin-top:0;margin-bottom:0;padding-top:0;padding-right:var(--wp--preset--spacing--40);padding-bottom:var(--wp--preset--spacing--40);padding-left:var(--wp--preset--spacing--40)\"><nav class=\"alignwide wp-block-query-pagination is-content-justification-space-between is-nowrap is-layout-flex wp-container-core-query-pagination-is-layout-cb46ffcb wp-block-query-pagination-is-layout-flex\" aria-label=\"Pagination\">\n\n\n<a href=\"\/en\/wp-json\/wp\/v2\/pages\/3414?query-31-page=2\" style=\"font-size:0.9rem;text-transform:uppercase;letter-spacing:1px;\" class=\"wp-elements-165a8aa96a7546446f11c5f70728c230 wp-block-query-pagination-next\">Next Page<\/a>\n<\/nav><\/div>\n<\/div>","protected":false},"excerpt":{"rendered":"<p>Blog Hier findest du Einblicke und Ressourcen rund um Coaching, Pers\u00f6nlichkeitsentwicklung und das Leben in Kopenhagen.&nbsp;<\/p>","protected":false},"author":2,"featured_media":0,"parent":0,"menu_order":0,"comment_status":"closed","ping_status":"closed","template":"","meta":{"_uag_custom_page_level_css":"","footnotes":""},"class_list":["post-3414","page","type-page","status-publish","hentry"],"yoast_head":"<!-- This site is optimized with the Yoast SEO plugin v27.4 - https:\/\/yoast.com\/product\/yoast-seo-wordpress\/ -->\n<title>Blog - Glow: Coaching in Copenhagen<\/title>\n<meta name=\"robots\" content=\"index, follow, max-snippet:-1, max-image-preview:large, max-video-preview:-1\" \/>\n<link rel=\"canonical\" href=\"https:\/\/coachingtoglow.com\/en\/blog-kopenhagen-und-psychologie\/\" \/>\n<link rel=\"next\" href=\"https:\/\/coachingtoglow.com\/blog-kopenhagen-und-psychologie\/3414?query-31-page=2\" \/>\n<meta property=\"og:locale\" content=\"en_GB\" \/>\n<meta property=\"og:type\" content=\"article\" \/>\n<meta property=\"og:title\" content=\"Blog - Glow: Coaching in Copenhagen\" \/>\n<meta property=\"og:description\" content=\"Blog Hier findest du Einblicke und Ressourcen rund um Coaching, Pers\u00f6nlichkeitsentwicklung und das Leben in Kopenhagen.&nbsp;\" \/>\n<meta property=\"og:url\" content=\"https:\/\/coachingtoglow.com\/en\/blog-kopenhagen-und-psychologie\/\" \/>\n<meta property=\"og:site_name\" content=\"Glow: Coaching in Copenhagen\" \/>\n<meta property=\"article:modified_time\" content=\"2025-09-18T09:48:52+00:00\" \/>\n<meta name=\"twitter:card\" content=\"summary_large_image\" \/>\n<script type=\"application\/ld+json\" class=\"yoast-schema-graph\">{\"@context\":\"https:\\\/\\\/schema.org\",\"@graph\":[{\"@type\":\"WebPage\",\"@id\":\"https:\\\/\\\/coachingtoglow.com\\\/blog-kopenhagen-und-psychologie\\\/\",\"url\":\"https:\\\/\\\/coachingtoglow.com\\\/blog-kopenhagen-und-psychologie\\\/\",\"name\":\"Blog - Glow: Coaching in Copenhagen\",\"isPartOf\":{\"@id\":\"https:\\\/\\\/coachingtoglow.com\\\/#website\"},\"datePublished\":\"2025-07-08T13:13:58+00:00\",\"dateModified\":\"2025-09-18T09:48:52+00:00\",\"breadcrumb\":{\"@id\":\"https:\\\/\\\/coachingtoglow.com\\\/blog-kopenhagen-und-psychologie\\\/#breadcrumb\"},\"inLanguage\":\"en-GB\",\"potentialAction\":[{\"@type\":\"ReadAction\",\"target\":[\"https:\\\/\\\/coachingtoglow.com\\\/blog-kopenhagen-und-psychologie\\\/\"]}]},{\"@type\":\"BreadcrumbList\",\"@id\":\"https:\\\/\\\/coachingtoglow.com\\\/blog-kopenhagen-und-psychologie\\\/#breadcrumb\",\"itemListElement\":[{\"@type\":\"ListItem\",\"position\":1,\"name\":\"Startseite\",\"item\":\"https:\\\/\\\/coachingtoglow.com\\\/\"},{\"@type\":\"ListItem\",\"position\":2,\"name\":\"Blog\"}]},{\"@type\":\"WebSite\",\"@id\":\"https:\\\/\\\/coachingtoglow.com\\\/#website\",\"url\":\"https:\\\/\\\/coachingtoglow.com\\\/\",\"name\":\"Glow: Coaching in Copenhagen\",\"description\":\"Systemisches Coaching &amp; Beratung auf Deutsch in Kopenhagen: Einzel- &amp; Paarcoaching, Retreats und Expat-Begleitung. Pers&ouml;nlich, diskret und wertorientiert.\",\"publisher\":{\"@id\":\"https:\\\/\\\/coachingtoglow.com\\\/#organization\"},\"potentialAction\":[{\"@type\":\"SearchAction\",\"target\":{\"@type\":\"EntryPoint\",\"urlTemplate\":\"https:\\\/\\\/coachingtoglow.com\\\/?s={search_term_string}\"},\"query-input\":{\"@type\":\"PropertyValueSpecification\",\"valueRequired\":true,\"valueName\":\"search_term_string\"}}],\"inLanguage\":\"en-GB\"},{\"@type\":\"Organization\",\"@id\":\"https:\\\/\\\/coachingtoglow.com\\\/#organization\",\"name\":\"Coaching to Glow\",\"alternateName\":\"Coaching in Kopenhagen\",\"url\":\"https:\\\/\\\/coachingtoglow.com\\\/\",\"logo\":{\"@type\":\"ImageObject\",\"inLanguage\":\"en-GB\",\"@id\":\"https:\\\/\\\/coachingtoglow.com\\\/#\\\/schema\\\/logo\\\/image\\\/\",\"url\":\"https:\\\/\\\/coachingtoglow.com\\\/wp-content\\\/uploads\\\/2025\\\/06\\\/20250614_Logo_02.png\",\"contentUrl\":\"https:\\\/\\\/coachingtoglow.com\\\/wp-content\\\/uploads\\\/2025\\\/06\\\/20250614_Logo_02.png\",\"width\":800,\"height\":514,\"caption\":\"Coaching to Glow\"},\"image\":{\"@id\":\"https:\\\/\\\/coachingtoglow.com\\\/#\\\/schema\\\/logo\\\/image\\\/\"}}]}<\/script>\n<!-- \/ Yoast SEO plugin. -->","yoast_head_json":{"title":"Blog - Glow: Coaching in Copenhagen","robots":{"index":"index","follow":"follow","max-snippet":"max-snippet:-1","max-image-preview":"max-image-preview:large","max-video-preview":"max-video-preview:-1"},"canonical":"https:\/\/coachingtoglow.com\/en\/blog-kopenhagen-und-psychologie\/","next":"https:\/\/coachingtoglow.com\/blog-kopenhagen-und-psychologie\/3414?query-31-page=2","og_locale":"en_GB","og_type":"article","og_title":"Blog - Glow: Coaching in Copenhagen","og_description":"Blog Hier findest du Einblicke und Ressourcen rund um Coaching, Pers\u00f6nlichkeitsentwicklung und das Leben in Kopenhagen.&nbsp;","og_url":"https:\/\/coachingtoglow.com\/en\/blog-kopenhagen-und-psychologie\/","og_site_name":"Glow: Coaching in Copenhagen","article_modified_time":"2025-09-18T09:48:52+00:00","twitter_card":"summary_large_image","schema":{"@context":"https:\/\/schema.org","@graph":[{"@type":"WebPage","@id":"https:\/\/coachingtoglow.com\/blog-kopenhagen-und-psychologie\/","url":"https:\/\/coachingtoglow.com\/blog-kopenhagen-und-psychologie\/","name":"Blog - Glow: Coaching in Copenhagen","isPartOf":{"@id":"https:\/\/coachingtoglow.com\/#website"},"datePublished":"2025-07-08T13:13:58+00:00","dateModified":"2025-09-18T09:48:52+00:00","breadcrumb":{"@id":"https:\/\/coachingtoglow.com\/blog-kopenhagen-und-psychologie\/#breadcrumb"},"inLanguage":"en-GB","potentialAction":[{"@type":"ReadAction","target":["https:\/\/coachingtoglow.com\/blog-kopenhagen-und-psychologie\/"]}]},{"@type":"BreadcrumbList","@id":"https:\/\/coachingtoglow.com\/blog-kopenhagen-und-psychologie\/#breadcrumb","itemListElement":[{"@type":"ListItem","position":1,"name":"Startseite","item":"https:\/\/coachingtoglow.com\/"},{"@type":"ListItem","position":2,"name":"Blog"}]},{"@type":"WebSite","@id":"https:\/\/coachingtoglow.com\/#website","url":"https:\/\/coachingtoglow.com\/","name":"Glow: Coaching in Copenhagen","description":"Systemisches Coaching &amp; Beratung auf Deutsch in Kopenhagen: Einzel- &amp; Paarcoaching, Retreats und Expat-Begleitung. Pers&ouml;nlich, diskret und wertorientiert.","publisher":{"@id":"https:\/\/coachingtoglow.com\/#organization"},"potentialAction":[{"@type":"SearchAction","target":{"@type":"EntryPoint","urlTemplate":"https:\/\/coachingtoglow.com\/?s={search_term_string}"},"query-input":{"@type":"PropertyValueSpecification","valueRequired":true,"valueName":"search_term_string"}}],"inLanguage":"en-GB"},{"@type":"Organization","@id":"https:\/\/coachingtoglow.com\/#organization","name":"Coaching to Glow","alternateName":"Coaching in Kopenhagen","url":"https:\/\/coachingtoglow.com\/","logo":{"@type":"ImageObject","inLanguage":"en-GB","@id":"https:\/\/coachingtoglow.com\/#\/schema\/logo\/image\/","url":"https:\/\/coachingtoglow.com\/wp-content\/uploads\/2025\/06\/20250614_Logo_02.png","contentUrl":"https:\/\/coachingtoglow.com\/wp-content\/uploads\/2025\/06\/20250614_Logo_02.png","width":800,"height":514,"caption":"Coaching to Glow"},"image":{"@id":"https:\/\/coachingtoglow.com\/#\/schema\/logo\/image\/"}}]}},"uagb_featured_image_src":{"full":false,"thumbnail":false,"medium":false,"medium_large":false,"large":false,"1536x1536":false,"2048x2048":false,"trp-custom-language-flag":false,"post-thumbnail":false},"uagb_author_info":{"display_name":"Carolin H\u00fcnseler","author_link":"https:\/\/coachingtoglow.com\/en\/author\/caro-admin\/"},"uagb_comment_info":0,"uagb_excerpt":"Blog Hier findest du Einblicke und Ressourcen rund um Coaching, Pers\u00f6nlichkeitsentwicklung und das Leben in Kopenhagen.&nbsp;","_links":{"self":[{"href":"https:\/\/coachingtoglow.com\/en\/wp-json\/wp\/v2\/pages\/3414","targetHints":{"allow":["GET"]}}],"collection":[{"href":"https:\/\/coachingtoglow.com\/en\/wp-json\/wp\/v2\/pages"}],"about":[{"href":"https:\/\/coachingtoglow.com\/en\/wp-json\/wp\/v2\/types\/page"}],"author":[{"embeddable":true,"href":"https:\/\/coachingtoglow.com\/en\/wp-json\/wp\/v2\/users\/2"}],"replies":[{"embeddable":true,"href":"https:\/\/coachingtoglow.com\/en\/wp-json\/wp\/v2\/comments?post=3414"}],"version-history":[{"count":35,"href":"https:\/\/coachingtoglow.com\/en\/wp-json\/wp\/v2\/pages\/3414\/revisions"}],"predecessor-version":[{"id":3588,"href":"https:\/\/coachingtoglow.com\/en\/wp-json\/wp\/v2\/pages\/3414\/revisions\/3588"}],"wp:attachment":[{"href":"https:\/\/coachingtoglow.com\/en\/wp-json\/wp\/v2\/media?parent=3414"}],"curies":[{"name":"wp","href":"https:\/\/api.w.org\/{rel}","templated":true}]}}